{"id":7,"date":"2022-12-08T08:45:35","date_gmt":"2022-12-08T08:45:35","guid":{"rendered":"http:\/\/www.granikuvis.fi\/?page_id=7"},"modified":"2023-11-29T21:28:49","modified_gmt":"2023-11-29T21:28:49","slug":"about","status":"publish","type":"page","link":"https:\/\/www.granikuvis.fi\/sv\/","title":{"rendered":"Skolan"},"content":{"rendered":"<div data-elementor-type=\"wp-page\" data-elementor-id=\"7\" class=\"elementor elementor-7\">\n\t\t\t\t\t\t<section class=\"elementor-section elementor-top-section elementor-element elementor-element-81ac669 elementor-section-height-min-height elementor-section-full_width elementor-section-content-middle elementor-section-height-default elementor-section-items-middle\" data-id=\"81ac669\" data-element_type=\"section\" data-e-type=\"section\" data-settings=\"{&quot;background_background&quot;:&quot;classic&quot;}\">\n\t\t\t\t\t\t\t<div class=\"elementor-background-overlay\"><\/div>\n\t\t\t\t\t\t\t<div class=\"elementor-container elementor-column-gap-default\">\n\t\t\t\t\t<div class=\"elementor-column elementor-col-33 elementor-top-column elementor-element elementor-element-b9d6100\" data-id=\"b9d6100\" data-element_type=\"column\" data-e-type=\"column\">\n\t\t\t<div class=\"elementor-widget-wrap elementor-element-populated\">\n\t\t\t\t\t\t<div class=\"elementor-element elementor-element-9ced95a elementor-shape-square elementor-widget__width-initial elementor-widget-mobile__width-initial elementor-grid-0 e-grid-align-center elementor-widget elementor-widget-social-icons\" data-id=\"9ced95a\" data-element_type=\"widget\" data-e-type=\"widget\" data-widget_type=\"social-icons.default\">\n\t\t\t\t<div class=\"elementor-widget-container\">\n\t\t\t\t\t\t\t<div class=\"elementor-social-icons-wrapper elementor-grid\" role=\"list\">\n\t\t\t\t\t\t\t<span class=\"elementor-grid-item\" role=\"listitem\">\n\t\t\t\t\t<a class=\"elementor-icon elementor-social-icon elementor-social-icon-facebook elementor-animation-shrink elementor-repeater-item-1a9cb8b\" href=\"https:\/\/www.facebook.com\/kauniaistenkuvataidekoulu\" target=\"_blank\">\n\t\t\t\t\t\t<span class=\"elementor-screen-only\">Facebook<\/span>\n\t\t\t\t\t\t<i aria-hidden=\"true\" class=\"fab fa-facebook\"><\/i>\t\t\t\t\t<\/a>\n\t\t\t\t<\/span>\n\t\t\t\t\t\t\t<span class=\"elementor-grid-item\" role=\"listitem\">\n\t\t\t\t\t<a class=\"elementor-icon elementor-social-icon elementor-social-icon-instagram elementor-animation-shrink elementor-repeater-item-25fb5ae\" href=\"https:\/\/www.instagram.com\/kauniaistenkuvataidekoulu\/?hl=en\" target=\"_blank\">\n\t\t\t\t\t\t<span class=\"elementor-screen-only\">Instagram<\/span>\n\t\t\t\t\t\t<i aria-hidden=\"true\" class=\"fab fa-instagram\"><\/i>\t\t\t\t\t<\/a>\n\t\t\t\t<\/span>\n\t\t\t\t\t<\/div>\n\t\t\t\t\t\t<\/div>\n\t\t\t\t<\/div>\n\t\t\t\t\t<\/div>\n\t\t<\/div>\n\t\t\t\t<div class=\"elementor-column elementor-col-66 elementor-top-column elementor-element elementor-element-733c560\" data-id=\"733c560\" data-element_type=\"column\" data-e-type=\"column\">\n\t\t\t<div class=\"elementor-widget-wrap elementor-element-populated\">\n\t\t\t\t\t\t<div class=\"elementor-element elementor-element-4e0094c elementor-widget__width-initial elementor-widget elementor-widget-image\" data-id=\"4e0094c\" data-element_type=\"widget\" data-e-type=\"widget\" data-widget_type=\"image.default\">\n\t\t\t\t<div class=\"elementor-widget-container\">\n\t\t\t\t\t\t\t\t\t\t\t\t\t\t\t<img fetchpriority=\"high\" decoding=\"async\" width=\"8335\" height=\"4167\" src=\"http:\/\/www.granikuvis.fi\/wp-content\/uploads\/2023\/11\/TALVI_marraskuu2023_Website_Illustrations-42.png\" class=\"attachment-full size-full wp-image-1473\" alt=\"\" srcset=\"http:\/\/www.granikuvis.fi\/wp-content\/uploads\/2023\/11\/TALVI_marraskuu2023_Website_Illustrations-42.png 8335w, http:\/\/www.granikuvis.fi\/wp-content\/uploads\/2023\/11\/TALVI_marraskuu2023_Website_Illustrations-42-300x150.png 300w, http:\/\/www.granikuvis.fi\/wp-content\/uploads\/2023\/11\/TALVI_marraskuu2023_Website_Illustrations-42-1024x512.png 1024w, http:\/\/www.granikuvis.fi\/wp-content\/uploads\/2023\/11\/TALVI_marraskuu2023_Website_Illustrations-42-768x384.png 768w, http:\/\/www.granikuvis.fi\/wp-content\/uploads\/2023\/11\/TALVI_marraskuu2023_Website_Illustrations-42-1536x768.png 1536w, http:\/\/www.granikuvis.fi\/wp-content\/uploads\/2023\/11\/TALVI_marraskuu2023_Website_Illustrations-42-2048x1024.png 2048w, http:\/\/www.granikuvis.fi\/wp-content\/uploads\/2023\/11\/TALVI_marraskuu2023_Website_Illustrations-42-18x9.png 18w\" sizes=\"(max-width: 8335px) 100vw, 8335px\" \/>\t\t\t\t\t\t\t\t\t\t\t\t\t\t\t<\/div>\n\t\t\t\t<\/div>\n\t\t\t\t\t<\/div>\n\t\t<\/div>\n\t\t\t\t\t<\/div>\n\t\t<\/section>\n\t\t\t\t<section class=\"elementor-section elementor-top-section elementor-element elementor-element-dcb1f7b elementor-section-boxed elementor-section-height-default elementor-section-height-default\" data-id=\"dcb1f7b\" data-element_type=\"section\" data-e-type=\"section\">\n\t\t\t\t\t\t<div class=\"elementor-container elementor-column-gap-default\">\n\t\t\t\t\t<div class=\"elementor-column elementor-col-100 elementor-top-column elementor-element elementor-element-2ea922c\" data-id=\"2ea922c\" data-element_type=\"column\" data-e-type=\"column\">\n\t\t\t<div class=\"elementor-widget-wrap elementor-element-populated\">\n\t\t\t\t\t\t<div class=\"elementor-element elementor-element-6c9eabc elementor-widget elementor-widget-text-editor\" data-id=\"6c9eabc\" data-element_type=\"widget\" data-e-type=\"widget\" data-widget_type=\"text-editor.default\">\n\t\t\t\t<div class=\"elementor-widget-container\">\n\t\t\t\t\t\t\t\t\t<p><span style=\"font-weight: 400;\">Kauniaisten kuvataidekoulu on Suomen vanhin kuvataidekoulu, se on perustettu 1978. Kuvataidekoulu siirtyi taiteen perusopetuksen yleisest\u00e4 oppim\u00e4\u00e4r\u00e4st\u00e4 laajan oppim\u00e4\u00e4r\u00e4n mukaisen opetussuunnitelmaan vuonna 2020.\u00a0<\/span><\/p><p><span style=\"font-weight: 400;\">Kuvataidekoulun opetussuunnitelma on laadittu Opetushallituksen laatimia valtakunnallisia opetussuunnitelmaperusteita noudattaen. Kauniaisten kaupungin kulttuurilautakunta hyv\u00e4ksyi kuvataidekoulun laajan oppim\u00e4\u00e4r\u00e4n opetussuunnitelman kokouksessaan 13.6.2018 (\u00a722) ja opetus- ja kulttuuriministeri\u00f6 vuonna 2019.\u00a0<\/span><\/p><p><span style=\"font-weight: 400;\">Koulun opetussuunnitelma luo puitteet tavoitteelliseen ja tasolta toiselle etenev\u00e4\u00e4n opiskeluun ja oppimisen iloon.<\/span><\/p><p><span style=\"font-weight: 400;\">Taiteen perusopetus on suunnattu n. 6\u201320 vuoden ik\u00e4isille lapsille ja nuorille. Ennen perusopintoihin hakeutumista voi osallistua kuvataidekoulun j\u00e4rjest\u00e4m\u00e4\u00e4n varhaisi\u00e4n kuvataidekasvatukseen, joka on suunnattu n. 4-6 -vuotiaille lapsille.<\/span><\/p><p><span style=\"font-weight: 400;\">Kuvataidekoulu on kaksikielinen, opetuskielin\u00e4 on suomi ja ruotsi. Oppilailla on mahdollisuus tarvittaessa saada my\u00f6s englanninkielist\u00e4 ohjausta.Opettajina toimivat kuvataideopettajat ja \/ tai pedagogisesti suuntautuneet kuvataidealan ammattilaiset.<\/span><\/p><p><span style=\"font-weight: 400;\">Kuvataidekoulua yll\u00e4pit\u00e4\u00e4 kannatusyhdistys ja sen toimintaa tukee Kauniaisten kaupunki sek\u00e4 Opetushallitus.<\/span><\/p>\t\t\t\t\t\t\t\t<\/div>\n\t\t\t\t<\/div>\n\t\t\t\t\t<\/div>\n\t\t<\/div>\n\t\t\t\t\t<\/div>\n\t\t<\/section>\n\t\t\t\t<section class=\"elementor-section elementor-top-section elementor-element elementor-element-2d2a5c1 elementor-section-boxed elementor-section-height-default elementor-section-height-default\" data-id=\"2d2a5c1\" data-element_type=\"section\" data-e-type=\"section\">\n\t\t\t\t\t\t<div class=\"elementor-container elementor-column-gap-default\">\n\t\t\t\t\t<div class=\"elementor-column elementor-col-100 elementor-top-column elementor-element elementor-element-327b920\" data-id=\"327b920\" data-element_type=\"column\" data-e-type=\"column\">\n\t\t\t<div class=\"elementor-widget-wrap elementor-element-populated\">\n\t\t\t\t\t\t<div class=\"elementor-element elementor-element-5815ed9 elementor-widget elementor-widget-image\" data-id=\"5815ed9\" data-element_type=\"widget\" data-e-type=\"widget\" data-widget_type=\"image.default\">\n\t\t\t\t<div class=\"elementor-widget-container\">\n\t\t\t\t\t\t\t\t\t\t\t\t\t\t\t<img decoding=\"async\" width=\"800\" height=\"209\" src=\"http:\/\/www.granikuvis.fi\/wp-content\/uploads\/2023\/11\/TALVI_marraskuu2023_Website_Illustrations_Vaaka-35-1024x267.png\" class=\"attachment-large size-large wp-image-1407\" alt=\"\" srcset=\"http:\/\/www.granikuvis.fi\/wp-content\/uploads\/2023\/11\/TALVI_marraskuu2023_Website_Illustrations_Vaaka-35-1024x267.png 1024w, http:\/\/www.granikuvis.fi\/wp-content\/uploads\/2023\/11\/TALVI_marraskuu2023_Website_Illustrations_Vaaka-35-300x78.png 300w, http:\/\/www.granikuvis.fi\/wp-content\/uploads\/2023\/11\/TALVI_marraskuu2023_Website_Illustrations_Vaaka-35-768x200.png 768w, http:\/\/www.granikuvis.fi\/wp-content\/uploads\/2023\/11\/TALVI_marraskuu2023_Website_Illustrations_Vaaka-35-1536x400.png 1536w, http:\/\/www.granikuvis.fi\/wp-content\/uploads\/2023\/11\/TALVI_marraskuu2023_Website_Illustrations_Vaaka-35-2048x533.png 2048w, http:\/\/www.granikuvis.fi\/wp-content\/uploads\/2023\/11\/TALVI_marraskuu2023_Website_Illustrations_Vaaka-35-18x5.png 18w\" sizes=\"(max-width: 800px) 100vw, 800px\" \/>\t\t\t\t\t\t\t\t\t\t\t\t\t\t\t<\/div>\n\t\t\t\t<\/div>\n\t\t\t\t\t<\/div>\n\t\t<\/div>\n\t\t\t\t\t<\/div>\n\t\t<\/section>\n\t\t\t\t<\/div>","protected":false},"excerpt":{"rendered":"<p>Facebook Instagram Kauniaisten kuvataidekoulu on Suomen vanhin kuvataidekoulu, se on perustettu 1978. Kuvataidekoulu siirtyi taiteen perusopetuksen yleisest\u00e4 oppim\u00e4\u00e4r\u00e4st\u00e4 laajan oppim\u00e4\u00e4r\u00e4n mukaisen opetussuunnitelmaan vuonna 2020.\u00a0 Kuvataidekoulun opetussuunnitelma on laadittu Opetushallituksen laatimia valtakunnallisia opetussuunnitelmaperusteita noudattaen. Kauniaisten kaupungin kulttuurilautakunta hyv\u00e4ksyi kuvataidekoulun laajan oppim\u00e4\u00e4r\u00e4n opetussuunnitelman kokouksessaan 13.6.2018 (\u00a722) ja opetus- ja kulttuuriministeri\u00f6 vuonna 2019.\u00a0 Koulun opetussuunnitelma luo puitteet tavoitteelliseen [&hellip;]<\/p>\n","protected":false},"author":1,"featured_media":0,"parent":0,"menu_order":0,"comment_status":"closed","ping_status":"closed","template":"","meta":{"footnotes":""},"class_list":["post-7","page","type-page","status-publish","hentry"],"_links":{"self":[{"href":"https:\/\/www.granikuvis.fi\/sv\/wp-json\/wp\/v2\/pages\/7","targetHints":{"allow":["GET"]}}],"collection":[{"href":"https:\/\/www.granikuvis.fi\/sv\/wp-json\/wp\/v2\/pages"}],"about":[{"href":"https:\/\/www.granikuvis.fi\/sv\/wp-json\/wp\/v2\/types\/page"}],"author":[{"embeddable":true,"href":"https:\/\/www.granikuvis.fi\/sv\/wp-json\/wp\/v2\/users\/1"}],"replies":[{"embeddable":true,"href":"https:\/\/www.granikuvis.fi\/sv\/wp-json\/wp\/v2\/comments?post=7"}],"version-history":[{"count":248,"href":"https:\/\/www.granikuvis.fi\/sv\/wp-json\/wp\/v2\/pages\/7\/revisions"}],"predecessor-version":[{"id":1534,"href":"https:\/\/www.granikuvis.fi\/sv\/wp-json\/wp\/v2\/pages\/7\/revisions\/1534"}],"wp:attachment":[{"href":"https:\/\/www.granikuvis.fi\/sv\/wp-json\/wp\/v2\/media?parent=7"}],"curies":[{"name":"wp","href":"https:\/\/api.w.org\/{rel}","templated":true}]}}